{"id":6,"date":"2013-05-02T08:21:17","date_gmt":"2013-05-02T06:21:17","guid":{"rendered":"http:\/\/www.juhr-reichelt.de\/site\/?page_id=6"},"modified":"2024-07-05T13:50:38","modified_gmt":"2024-07-05T11:50:38","slug":"uber-uns","status":"publish","type":"page","link":"https:\/\/www.juhr-reichelt.de\/?page_id=6","title":{"rendered":"\u00dcber Uns"},"content":{"rendered":"<p style=\"text-align: center;\">Die <b><i>Bautischlerei Juhr &amp; Reichelt<\/i><\/b><\/p>\n<p style=\"text-align: center;\" align=\"center\"><i>Immortellenweg 44<\/i><\/p>\n<p style=\"text-align: center;\" align=\"center\"><i>12623 Berlin<\/i><\/p>\n<p style=\"text-align: center;\">wurde 1992 durch Tischlermeister Martin Juhr gegr\u00fcndet.<\/p>\n<p>Mehr als 30 Jahre Handwerksmeistererfahrungen werden heute zum Vorteil unserer Kunden, verbunden mit der Anwendung moderner Materialien und Technologien in Neubau und Modernisierung, eingesetzt. Arbeiten in einer eigenen, mit modernen Maschinen ausgestatteten Werkstatt, auf eigenem Gel\u00e4nde in Berlin Mahlsdorf gew\u00e4hrleisten hohe handwerkliche Qualit\u00e4t.<\/p>\n<p><a href=\"https:\/\/www.juhr-reichelt.de\/site\/wp-content\/uploads\/2013\/05\/IMG_2654.jpg\" rel=\"lightbox[6]\"><img loading=\"lazy\" decoding=\"async\" class=\"aligncenter size-medium wp-image-52\" src=\"https:\/\/www.juhr-reichelt.de\/site\/wp-content\/uploads\/2013\/05\/IMG_2654-300x225.jpg\" alt=\"IMG_2654\" width=\"300\" height=\"225\" srcset=\"https:\/\/www.juhr-reichelt.de\/site\/wp-content\/uploads\/2013\/05\/IMG_2654-300x225.jpg 300w, https:\/\/www.juhr-reichelt.de\/site\/wp-content\/uploads\/2013\/05\/IMG_2654-1024x768.jpg 1024w\" sizes=\"auto, (max-width: 300px) 100vw, 300px\" \/><\/a><\/p>\n<p>F\u00fcr den mobilen Einsatz stehen 5 voll ausgestatte, moderne Transporter zur Verf\u00fcgung.<\/p>\n<p>Die Bautischlerei Juhr &amp; Reichelt ist seit 1992 unter der Nummer 04882 in das ULV von Berlin eingetragen.<\/p>\n","protected":false},"excerpt":{"rendered":"<p>Die Bautischlerei Juhr &amp; Reichelt Immortellenweg 44 12623 Berlin wurde 1992 durch Tischlermeister Martin Juhr gegr\u00fcndet. Mehr als 30 Jahre Handwerksmeistererfahrungen werden heute zum Vorteil unserer Kunden, verbunden mit der Anwendung moderner Materialien und Technologien in Neubau und Modernisierung, eingesetzt. Arbeiten in einer eigenen, mit modernen Maschinen ausgestatteten Werkstatt, auf eigenem Gel\u00e4nde in Berlin Mahlsdorf [&hellip;]<\/p>\n","protected":false},"author":3,"featured_media":0,"parent":0,"menu_order":0,"comment_status":"open","ping_status":"open","template":"","meta":{"footnotes":""},"class_list":["post-6","page","type-page","status-publish","hentry"],"_links":{"self":[{"href":"https:\/\/www.juhr-reichelt.de\/index.php?rest_route=\/wp\/v2\/pages\/6","targetHints":{"allow":["GET"]}}],"collection":[{"href":"https:\/\/www.juhr-reichelt.de\/index.php?rest_route=\/wp\/v2\/pages"}],"about":[{"href":"https:\/\/www.juhr-reichelt.de\/index.php?rest_route=\/wp\/v2\/types\/page"}],"author":[{"embeddable":true,"href":"https:\/\/www.juhr-reichelt.de\/index.php?rest_route=\/wp\/v2\/users\/3"}],"replies":[{"embeddable":true,"href":"https:\/\/www.juhr-reichelt.de\/index.php?rest_route=%2Fwp%2Fv2%2Fcomments&post=6"}],"version-history":[{"count":9,"href":"https:\/\/www.juhr-reichelt.de\/index.php?rest_route=\/wp\/v2\/pages\/6\/revisions"}],"predecessor-version":[{"id":149,"href":"https:\/\/www.juhr-reichelt.de\/index.php?rest_route=\/wp\/v2\/pages\/6\/revisions\/149"}],"wp:attachment":[{"href":"https:\/\/www.juhr-reichelt.de\/index.php?rest_route=%2Fwp%2Fv2%2Fmedia&parent=6"}],"curies":[{"name":"wp","href":"https:\/\/api.w.org\/{rel}","templated":true}]}}